{"id":1763,"date":"2025-06-23T18:53:52","date_gmt":"2025-06-23T18:53:52","guid":{"rendered":"https:\/\/basecomfort.com\/terms-of-service\/"},"modified":"2025-08-23T17:47:43","modified_gmt":"2025-08-23T17:47:43","slug":"paslaugu-teikimo-salygos","status":"publish","type":"page","link":"https:\/\/basecomfort.com\/lt\/paslaugu-teikimo-salygos\/","title":{"rendered":"Paslaug\u0173 teikimo s\u0105lygos"},"content":{"rendered":"\t\t<div data-elementor-type=\"wp-page\" data-elementor-id=\"1763\" class=\"elementor elementor-1763 elementor-45\" data-elementor-post-type=\"page\">\n\t\t\t\t<div class=\"elementor-element elementor-element-3596ac7 e-flex e-con-boxed e-con e-parent\" data-id=\"3596ac7\" data-element_type=\"container\" data-e-type=\"container\" data-settings=\"{&quot;background_background&quot;:&quot;classic&quot;}\">\n\t\t\t\t\t<div class=\"e-con-inner\">\n\t\t<div class=\"elementor-element elementor-element-d6e3954 e-con-full e-flex e-con e-child\" data-id=\"d6e3954\" data-element_type=\"container\" data-e-type=\"container\" data-settings=\"{&quot;background_background&quot;:&quot;classic&quot;}\">\n\t\t\t\t<div class=\"elementor-element elementor-element-b3cd61c elementor-widget__width-initial e-transform elementor-widget elementor-widget-image\" data-id=\"b3cd61c\" data-element_type=\"widget\" data-e-type=\"widget\" data-settings=\"{&quot;_transform_rotateZ_effect&quot;:{&quot;unit&quot;:&quot;px&quot;,&quot;size&quot;:180,&quot;sizes&quot;:[]},&quot;_transform_rotateZ_effect_tablet&quot;:{&quot;unit&quot;:&quot;deg&quot;,&quot;size&quot;:&quot;&quot;,&quot;sizes&quot;:[]},&quot;_transform_rotateZ_effect_mobile&quot;:{&quot;unit&quot;:&quot;deg&quot;,&quot;size&quot;:&quot;&quot;,&quot;sizes&quot;:[]}}\" data-widget_type=\"image.default\">\n\t\t\t\t<div class=\"elementor-widget-container\">\n\t\t\t\t\t\t\t\t\t\t\t\t\t\t\t<img fetchpriority=\"high\" decoding=\"async\" width=\"1090\" height=\"394\" src=\"https:\/\/basecomfort.com\/wp-content\/uploads\/2025\/07\/Img-green-leafs.png\" class=\"attachment-full size-full wp-image-1421\" alt=\"Img-green-leafs\" srcset=\"https:\/\/basecomfort.com\/wp-content\/uploads\/2025\/07\/Img-green-leafs.png 1090w, https:\/\/basecomfort.com\/wp-content\/uploads\/2025\/07\/Img-green-leafs-300x108.png 300w, https:\/\/basecomfort.com\/wp-content\/uploads\/2025\/07\/Img-green-leafs-1024x370.png 1024w, https:\/\/basecomfort.com\/wp-content\/uploads\/2025\/07\/Img-green-leafs-768x278.png 768w\" sizes=\"(max-width: 1090px) 100vw, 1090px\" \/>\t\t\t\t\t\t\t\t\t\t\t\t\t\t\t<\/div>\n\t\t\t\t<\/div>\n\t\t\t\t<div class=\"elementor-element elementor-element-59a85d8 elementor-widget elementor-widget-text-editor\" data-id=\"59a85d8\" data-element_type=\"widget\" data-e-type=\"widget\" data-widget_type=\"text-editor.default\">\n\t\t\t\t<div class=\"elementor-widget-container\">\n\t\t\t\t\t\t\t\t\t<div class=\"elementor-element elementor-element-b25abff elementor-widget elementor-widget-heading\" data-id=\"b25abff\" data-element_type=\"widget\" data-widget_type=\"heading.default\">\n<div class=\"elementor-widget-container\">\n<p><b>Paskutin\u012f kart\u0105 atnaujinta:<\/b> 2025 m. liepos 26 d.<\/p>\n<h4><b>1. \u012evadas ir sutikimas<\/b><\/h4>\n<p>Sveiki atvyk\u0119 \u012f \u201eBasecomfort\u201c. \u0160ios Paslaug\u0173 teikimo s\u0105lygos (\u201eS\u0105lygos\u201c) reglamentuoja J\u016bs\u0173 naudojim\u0105si svetaine <a class=\"ng-star-inserted\" href=\"https:\/\/basecomfort.com\" target=\"_blank\" rel=\"noopener\">https:\/\/basecomfort.com<\/a> (\u201eSvetain\u0117\u201c), kuri\u0105 valdo MB \u201eKlosta\u201c (\u201emes\u201c, \u201em\u016bs\u0173\u201c). Naudodamiesi m\u016bs\u0173 Svetaine, J\u016bs sutinkate laikytis \u0161i\u0173 S\u0105lyg\u0173.<\/p>\n<h4><b>2. M\u016bs\u0173 paslauga<\/b><\/h4>\n<p>Svetain\u0117je pateikiama informacija apie m\u016bs\u0173 individualizuot\u0173 kojini\u0173 gamybos paslaugas. Jos pagrindinis tikslas \u2013 leisti potencialiems verslo klientams (\u201eJums\u201c) pateikti u\u017eklaus\u0105 d\u0117l nemokamo, ne\u012fpareigojan\u010dio dizaino pasi\u016blymo. U\u017eklausos pateikimas nesukuria u\u017esakymo ar pirkimo-pardavimo sutarties.<\/p>\n<h4><b>3. U\u017eklausos ir pasi\u016blymo teikimo procesas<\/b><\/h4>\n<p>Kai pateikiate u\u017eklaus\u0105 per m\u016bs\u0173 kontakt\u0173 form\u0105, J\u016bs pra\u0161ote nemokamo dizaino pasi\u016blymo. Visos galimo u\u017esakymo s\u0105lygos, \u012fskaitant galutin\u0119 kainodar\u0105, gamybos terminus, mok\u0117jimo grafikus ir pristatymo detales, bus i\u0161d\u0117stytos atskirame, formaliame pasi\u016blyme arba sutartyje. \u012epareigojanti sutartis yra sudaroma tik tada, kai abi \u0161alys pasira\u0161o formali\u0105 sutart\u012f arba kai J\u016bs priimate m\u016bs\u0173 ra\u0161ytin\u012f pasi\u016blym\u0105.<\/p>\n<h4><b>4. Apmok\u0117jimo s\u0105lygos<\/b><\/h4>\n<p>Visiems projektams yra reikalingas avansinis mok\u0117jimas prie\u0161 pradedant gamyb\u0105. Konkre\u010dios mok\u0117jimo s\u0105lygos, \u012fskaitant avanso dyd\u012f ir mok\u0117jim\u0173 grafik\u0105, bus ai\u0161kiai nurodytos Jums pateiktame formaliame pasi\u016blyme ar sutartyje. Gamyba nebus prad\u0117ta, kol nebus \u012fvykdyti pirminiai mok\u0117jimo \u012fsipareigojimai.<\/p>\n<h4><b>5. Vartotojo pateikiamas turinys (J\u016bs\u0173 logotipas ir dizainai)<\/b><\/h4>\n<p>Pateikdami mums bet kok\u012f meno k\u016brin\u012f, logotip\u0105, prek\u0117s \u017eenkl\u0105 ar dizain\u0105 (\u201eJ\u016bs\u0173 turinys\u201c), J\u016bs parei\u0161kiate ir garantuojate, kad turite visas teises ir \u012fgaliojimus naudoti \u0161\u012f turin\u012f gamybos tikslais. J\u016bs sutinkate atlyginti mums \u017eal\u0105 ir apsaugoti mus nuo bet koki\u0173 pretenzij\u0173 ar nuostoli\u0173, kylan\u010di\u0173 d\u0117l neteis\u0117to J\u016bs\u0173 turinio naudojimo.<\/p>\n<h4><b>6. Intelektin\u0117 nuosavyb\u0117<\/b><\/h4>\n<p>Visas Svetain\u0117s turinys, \u012fskaitant m\u016bs\u0173 logotipus (\u201eBasecomfort\u2122\u201c, BC logotipas), tekst\u0105, grafik\u0105 ir paveiksl\u0117lius, yra MB \u201eKlosta\u201c arba jos licencij\u0173 dav\u0117j\u0173 intelektin\u0117 nuosavyb\u0117. Neleistinas naudojimas, atgaminimas ar platinimas yra grie\u017etai draud\u017eiamas.<\/p>\n<h4><b>7. Individualizuot\u0173 preki\u0173 gr\u0105\u017einimo politika<\/b><\/h4>\n<p>Atkreipiame d\u0117mes\u012f, kad d\u0117l individualizuoto m\u016bs\u0173 produkt\u0173 pob\u016bd\u017eio, pagal J\u016bs\u0173 konkret\u0173, patvirtint\u0105 dizain\u0105 pagamintos kojin\u0117s yra negr\u0105\u017einamos, o pinigai u\u017e jas neatiduodami, i\u0161skyrus tuos atvejus, kai nustatomas m\u016bs\u0173 pripa\u017eintas ir patikrinamas gamybos defektas. Teis\u0117s aktuose numatyta 14 dien\u0173 nuotolin\u0117s sutarties atsisakymo teis\u0117 individualiai pagamintoms prek\u0117ms netaikoma.<\/p>\n<h4><b>8. Atsakomyb\u0117s apribojimas<\/b><\/h4>\n<p>Kiek tai leid\u017eia \u012fstatymai, MB \u201eKlosta\u201c nebus atsakinga u\u017e jokius netiesioginius, atsitiktinius ar pasekminius nuostolius, kylan\u010dius d\u0117l naudojimosi Svetaine ar pateikta informacija. M\u016bs\u0173 visa atsakomyb\u0117 u\u017e bet koki\u0105 pretenzij\u0105, kylan\u010di\u0105 i\u0161 paslaug\u0173 sutarties, bus apribota suma, sumok\u0117ta u\u017e t\u0105 paslaug\u0105.<\/p>\n<h4><b>9. Draud\u017eiami veikmai<\/b><\/h4>\n<p>Naudodamiesi \u0161ia Svetaine, J\u016bs sutinkate nenaudoti jos jokiems neteis\u0117tiems tikslams, ne\u012fkelti kenk\u0117ji\u0161ko kodo, automati\u0161kai nerinkti duomen\u0173 (angl. <i>scrape<\/i>) ir netrikdyti jos veikimo. Mes pasiliekame teis\u0119 nutraukti prieig\u0105 vartotojams, kurie pa\u017eeid\u017eia \u0161ias taisykles.<\/p>\n<h4><b>10. Taikytina teis\u0117 ir gin\u010d\u0173 sprendimas<\/b><\/h4>\n<p>\u0160ios S\u0105lygos yra reglamentuojamos pagal Lietuvos Respublikos \u012fstatymus. Bet kokie gin\u010dai bus sprend\u017eiami Lietuvos Respublikos teismuose. Raginame Jus pirmiausia susisiekti su mumis, kad bet koki\u0105 problem\u0105 i\u0161spr\u0119stume neformaliai.<\/p>\n<h4><b>11. Kontaktin\u0117 informacija<\/b><\/h4>\n<p>Jei turite klausim\u0173 d\u0117l \u0161i\u0173 S\u0105lyg\u0173, susisiekite:<\/p>\n<p>El. pa\u0161tas: <b>info@basecomfort.com<\/b> \u012emon\u0117: <b>MB \u201eKlosta\u201c, Lietuva<\/b><\/p>\n<\/div>\n<\/div>\t\t\t\t\t\t\t\t<\/div>\n\t\t\t\t<\/div>\n\t\t\t\t<\/div>\n\t\t\t\t\t<\/div>\n\t\t\t\t<\/div>\n\t\t\t\t<\/div>\n\t\t","protected":false},"excerpt":{"rendered":"<p>Paskutin\u012f kart\u0105 atnaujinta: 2025 m. liepos 26 d. 1. \u012evadas ir sutikimas Sveiki atvyk\u0119 \u012f \u201eBasecomfort\u201c. \u0160ios Paslaug\u0173 teikimo s\u0105lygos (\u201eS\u0105lygos\u201c) reglamentuoja J\u016bs\u0173 naudojim\u0105si svetaine https:\/\/basecomfort.com (\u201eSvetain\u0117\u201c), kuri\u0105 valdo MB \u201eKlosta\u201c (\u201emes\u201c, \u201em\u016bs\u0173\u201c). Naudodamiesi m\u016bs\u0173 Svetaine, J\u016bs sutinkate laikytis \u0161i\u0173 S\u0105lyg\u0173. 2. M\u016bs\u0173 paslauga Svetain\u0117je pateikiama informacija apie m\u016bs\u0173 individualizuot\u0173 kojini\u0173 gamybos paslaugas. Jos pagrindinis [&hellip;]<\/p>\n","protected":false},"author":1,"featured_media":0,"parent":0,"menu_order":0,"comment_status":"closed","ping_status":"closed","template":"","meta":{"footnotes":""},"class_list":["post-1763","page","type-page","status-publish","hentry"],"_links":{"self":[{"href":"https:\/\/basecomfort.com\/lt\/wp-json\/wp\/v2\/pages\/1763","targetHints":{"allow":["GET"]}}],"collection":[{"href":"https:\/\/basecomfort.com\/lt\/wp-json\/wp\/v2\/pages"}],"about":[{"href":"https:\/\/basecomfort.com\/lt\/wp-json\/wp\/v2\/types\/page"}],"author":[{"embeddable":true,"href":"https:\/\/basecomfort.com\/lt\/wp-json\/wp\/v2\/users\/1"}],"replies":[{"embeddable":true,"href":"https:\/\/basecomfort.com\/lt\/wp-json\/wp\/v2\/comments?post=1763"}],"version-history":[{"count":11,"href":"https:\/\/basecomfort.com\/lt\/wp-json\/wp\/v2\/pages\/1763\/revisions"}],"predecessor-version":[{"id":1931,"href":"https:\/\/basecomfort.com\/lt\/wp-json\/wp\/v2\/pages\/1763\/revisions\/1931"}],"wp:attachment":[{"href":"https:\/\/basecomfort.com\/lt\/wp-json\/wp\/v2\/media?parent=1763"}],"curies":[{"name":"wp","href":"https:\/\/api.w.org\/{rel}","templated":true}]}}