{"id":1748,"date":"2025-06-24T09:00:31","date_gmt":"2025-06-24T09:00:31","guid":{"rendered":"https:\/\/basecomfort.com\/refund-and-returns\/"},"modified":"2025-08-23T17:40:42","modified_gmt":"2025-08-23T17:40:42","slug":"prekiu-grazinimo-politika","status":"publish","type":"page","link":"https:\/\/basecomfort.com\/lt\/prekiu-grazinimo-politika\/","title":{"rendered":"Preki\u0173 gr\u0105\u017einimo politika"},"content":{"rendered":"\t\t<div data-elementor-type=\"wp-page\" data-elementor-id=\"1748\" class=\"elementor elementor-1748 elementor-106\" data-elementor-post-type=\"page\">\n\t\t\t\t<div class=\"elementor-element elementor-element-7fe37b4c e-flex e-con-boxed e-con e-parent\" data-id=\"7fe37b4c\" data-element_type=\"container\" data-e-type=\"container\" data-settings=\"{&quot;background_background&quot;:&quot;classic&quot;}\">\n\t\t\t\t\t<div class=\"e-con-inner\">\n\t\t<div class=\"elementor-element elementor-element-3a09e3d e-con-full e-flex e-con e-child\" data-id=\"3a09e3d\" data-element_type=\"container\" data-e-type=\"container\" data-settings=\"{&quot;background_background&quot;:&quot;classic&quot;}\">\n\t\t\t\t<div class=\"elementor-element elementor-element-2681806 elementor-widget__width-initial e-transform elementor-widget elementor-widget-image\" data-id=\"2681806\" data-element_type=\"widget\" data-e-type=\"widget\" data-settings=\"{&quot;_transform_rotateZ_effect&quot;:{&quot;unit&quot;:&quot;px&quot;,&quot;size&quot;:180,&quot;sizes&quot;:[]},&quot;_transform_rotateZ_effect_tablet&quot;:{&quot;unit&quot;:&quot;deg&quot;,&quot;size&quot;:&quot;&quot;,&quot;sizes&quot;:[]},&quot;_transform_rotateZ_effect_mobile&quot;:{&quot;unit&quot;:&quot;deg&quot;,&quot;size&quot;:&quot;&quot;,&quot;sizes&quot;:[]}}\" data-widget_type=\"image.default\">\n\t\t\t\t<div class=\"elementor-widget-container\">\n\t\t\t\t\t\t\t\t\t\t\t\t\t\t\t<img fetchpriority=\"high\" decoding=\"async\" width=\"1090\" height=\"394\" src=\"https:\/\/basecomfort.com\/wp-content\/uploads\/2025\/07\/Img-green-leafs.png\" class=\"attachment-full size-full wp-image-1421\" alt=\"Img-green-leafs\" srcset=\"https:\/\/basecomfort.com\/wp-content\/uploads\/2025\/07\/Img-green-leafs.png 1090w, https:\/\/basecomfort.com\/wp-content\/uploads\/2025\/07\/Img-green-leafs-300x108.png 300w, https:\/\/basecomfort.com\/wp-content\/uploads\/2025\/07\/Img-green-leafs-1024x370.png 1024w, https:\/\/basecomfort.com\/wp-content\/uploads\/2025\/07\/Img-green-leafs-768x278.png 768w\" sizes=\"(max-width: 1090px) 100vw, 1090px\" \/>\t\t\t\t\t\t\t\t\t\t\t\t\t\t\t<\/div>\n\t\t\t\t<\/div>\n\t\t\t\t<div class=\"elementor-element elementor-element-a79f7d2 elementor-widget elementor-widget-text-editor\" data-id=\"a79f7d2\" data-element_type=\"widget\" data-e-type=\"widget\" data-widget_type=\"text-editor.default\">\n\t\t\t\t<div class=\"elementor-widget-container\">\n\t\t\t\t\t\t\t\t\t<div class=\"elementor-element elementor-element-b25abff elementor-widget elementor-widget-heading\" data-id=\"b25abff\" data-element_type=\"widget\" data-widget_type=\"heading.default\"><div class=\"elementor-widget-container\"><p><b>Paskutin\u012f kart\u0105 atnaujinta:<\/b> 2025 m. liepos 26 d.<\/p><h4><b>M\u016bs\u0173 \u012fsipareigojimas kokybei<\/b><\/h4><p>\u201eBasecomfort\u201c siekia kiekvien\u0105 kart\u0105 pristatyti nepriekai\u0161ting\u0105, auk\u0161tos kokyb\u0117s produkt\u0105. \u0160i politika apibr\u0117\u017eia preki\u0173 gr\u0105\u017einimo ir pinig\u0173 gr\u0105\u017einimo s\u0105lygas, taikomas i\u0161skirtinai m\u016bs\u0173 individualiai gaminamiems produktams, kurie yra sukurti pagal kiekvieno kliento unikalias specifikacijas.<\/p><p><b>1. Individualiai pagamint\u0173 preki\u0173 politika<\/b> D\u0117l itin individualizuoto m\u016bs\u0173 produkt\u0173 pob\u016bd\u017eio, visos pagal kliento patvirtint\u0105 dizain\u0105 pagamintos kojin\u0117s yra <b>negr\u0105\u017einamos ir pinigai u\u017e jas negr\u0105\u017einami<\/b>.<\/p><p>\u0160i politika atitinka ES direktyv\u0105 2011\/83\/ES, kuri numato i\u0161imt\u012f standartinei sutarties atsisakymo teisei \u201eprek\u0117ms, pagamintoms pagal vartotojo specialius nurodymus arba ai\u0161kiai pritaikytoms jo asmenin\u0117ms reikm\u0117ms\u201c.<\/p><p><b>2. Gamybos defektai ar klaidos<\/b> Mes atsakome u\u017e savo darbo kokyb\u0119. Jei gavote u\u017esakym\u0105 su patikrinamu gamybos defektu arba m\u016bs\u0173 padaryta klaida (pvz., galutinis produktas neatitinka patvirtinto pavyzd\u017eio), pra\u0161ome atlikti \u0161iuos veiksmus:<\/p><ul><li><p><b>Per 14 dien\u0173<\/b> nuo siuntos gavimo susisiekite su mumis el. pa\u0161tu <b>info@basecomfort.com<\/b>.<\/p><\/li><li><p>Savo lai\u0161ke nurodykite projekto ar u\u017esakymo numer\u012f ir prid\u0117kite ai\u0161kias defekto nuotraukas.<\/p><\/li><\/ul><p>M\u016bs\u0173 komanda nedelsdama i\u0161tirs problem\u0105. Patvirtinus gamybos klaid\u0105, mes pasi\u016blysime <b>pakeisti nekokybi\u0161kas prekes<\/b> arba rasime kit\u0105, abiem pus\u0117ms priimtin\u0105 sprendim\u0105.<\/p><p><b>3. Susisiekite su mumis<\/b> Jei turite klausim\u0173 d\u0117l \u0161ios politikos ar problem\u0173 su savo u\u017esakymu, nedvejodami susisiekite su mumis. Esame \u010dia, kad pad\u0117tume.<\/p><\/div><\/div>\t\t\t\t\t\t\t\t<\/div>\n\t\t\t\t<\/div>\n\t\t\t\t<\/div>\n\t\t\t\t\t<\/div>\n\t\t\t\t<\/div>\n\t\t\t\t<\/div>\n\t\t","protected":false},"excerpt":{"rendered":"<p>Paskutin\u012f kart\u0105 atnaujinta: 2025 m. liepos 26 d. M\u016bs\u0173 \u012fsipareigojimas kokybei \u201eBasecomfort\u201c siekia kiekvien\u0105 kart\u0105 pristatyti nepriekai\u0161ting\u0105, auk\u0161tos kokyb\u0117s produkt\u0105. \u0160i politika apibr\u0117\u017eia preki\u0173 gr\u0105\u017einimo ir pinig\u0173 gr\u0105\u017einimo s\u0105lygas, taikomas i\u0161skirtinai m\u016bs\u0173 individualiai gaminamiems produktams, kurie yra sukurti pagal kiekvieno kliento unikalias specifikacijas. 1. Individualiai pagamint\u0173 preki\u0173 politika D\u0117l itin individualizuoto m\u016bs\u0173 produkt\u0173 pob\u016bd\u017eio, visos [&hellip;]<\/p>\n","protected":false},"author":1,"featured_media":0,"parent":0,"menu_order":0,"comment_status":"closed","ping_status":"closed","template":"","meta":{"footnotes":""},"class_list":["post-1748","page","type-page","status-publish","hentry"],"_links":{"self":[{"href":"https:\/\/basecomfort.com\/lt\/wp-json\/wp\/v2\/pages\/1748","targetHints":{"allow":["GET"]}}],"collection":[{"href":"https:\/\/basecomfort.com\/lt\/wp-json\/wp\/v2\/pages"}],"about":[{"href":"https:\/\/basecomfort.com\/lt\/wp-json\/wp\/v2\/types\/page"}],"author":[{"embeddable":true,"href":"https:\/\/basecomfort.com\/lt\/wp-json\/wp\/v2\/users\/1"}],"replies":[{"embeddable":true,"href":"https:\/\/basecomfort.com\/lt\/wp-json\/wp\/v2\/comments?post=1748"}],"version-history":[{"count":4,"href":"https:\/\/basecomfort.com\/lt\/wp-json\/wp\/v2\/pages\/1748\/revisions"}],"predecessor-version":[{"id":1755,"href":"https:\/\/basecomfort.com\/lt\/wp-json\/wp\/v2\/pages\/1748\/revisions\/1755"}],"wp:attachment":[{"href":"https:\/\/basecomfort.com\/lt\/wp-json\/wp\/v2\/media?parent=1748"}],"curies":[{"name":"wp","href":"https:\/\/api.w.org\/{rel}","templated":true}]}}