{"id":1731,"date":"2025-06-24T13:27:47","date_gmt":"2025-06-24T13:27:47","guid":{"rendered":"https:\/\/basecomfort.com\/cookie-policy-eu\/"},"modified":"2025-08-23T17:50:05","modified_gmt":"2025-08-23T17:50:05","slug":"slapuku-politika","status":"publish","type":"page","link":"https:\/\/basecomfort.com\/lt\/slapuku-politika\/","title":{"rendered":"Slapuk\u0173 politika"},"content":{"rendered":"\t\t<div data-elementor-type=\"wp-page\" data-elementor-id=\"1731\" class=\"elementor elementor-1731 elementor-201\" data-elementor-post-type=\"page\">\n\t\t\t\t<div class=\"elementor-element elementor-element-281aa4f9 e-flex e-con-boxed e-con e-parent\" data-id=\"281aa4f9\" data-element_type=\"container\" data-e-type=\"container\" data-settings=\"{&quot;background_background&quot;:&quot;classic&quot;}\">\n\t\t\t\t\t<div class=\"e-con-inner\">\n\t\t<div class=\"elementor-element elementor-element-b42b93e e-con-full e-flex e-con e-child\" data-id=\"b42b93e\" data-element_type=\"container\" data-e-type=\"container\" data-settings=\"{&quot;background_background&quot;:&quot;classic&quot;}\">\n\t\t\t\t<div class=\"elementor-element elementor-element-52c992d elementor-widget__width-initial e-transform elementor-widget elementor-widget-image\" data-id=\"52c992d\" data-element_type=\"widget\" data-e-type=\"widget\" data-settings=\"{&quot;_transform_rotateZ_effect&quot;:{&quot;unit&quot;:&quot;px&quot;,&quot;size&quot;:180,&quot;sizes&quot;:[]},&quot;_transform_rotateZ_effect_tablet&quot;:{&quot;unit&quot;:&quot;deg&quot;,&quot;size&quot;:&quot;&quot;,&quot;sizes&quot;:[]},&quot;_transform_rotateZ_effect_mobile&quot;:{&quot;unit&quot;:&quot;deg&quot;,&quot;size&quot;:&quot;&quot;,&quot;sizes&quot;:[]}}\" data-widget_type=\"image.default\">\n\t\t\t\t<div class=\"elementor-widget-container\">\n\t\t\t\t\t\t\t\t\t\t\t\t\t\t\t<img fetchpriority=\"high\" decoding=\"async\" width=\"1090\" height=\"394\" src=\"https:\/\/basecomfort.com\/wp-content\/uploads\/2025\/07\/Img-green-leafs.png\" class=\"attachment-full size-full wp-image-1421\" alt=\"Img-green-leafs\" srcset=\"https:\/\/basecomfort.com\/wp-content\/uploads\/2025\/07\/Img-green-leafs.png 1090w, https:\/\/basecomfort.com\/wp-content\/uploads\/2025\/07\/Img-green-leafs-300x108.png 300w, https:\/\/basecomfort.com\/wp-content\/uploads\/2025\/07\/Img-green-leafs-1024x370.png 1024w, https:\/\/basecomfort.com\/wp-content\/uploads\/2025\/07\/Img-green-leafs-768x278.png 768w\" sizes=\"(max-width: 1090px) 100vw, 1090px\" \/>\t\t\t\t\t\t\t\t\t\t\t\t\t\t\t<\/div>\n\t\t\t\t<\/div>\n\t\t\t\t<div class=\"elementor-element elementor-element-2f79988 elementor-widget elementor-widget-text-editor\" data-id=\"2f79988\" data-element_type=\"widget\" data-e-type=\"widget\" data-widget_type=\"text-editor.default\">\n\t\t\t\t<div class=\"elementor-widget-container\">\n\t\t\t\t\t\t\t\t\t<div class=\"elementor-element elementor-element-b25abff elementor-widget elementor-widget-heading\" data-id=\"b25abff\" data-element_type=\"widget\" data-widget_type=\"heading.default\">\n<div class=\"elementor-widget-container\">\n<p><b>Paskutin\u012f kart\u0105 atnaujinta:<\/b> 2025 m. liepos 26 d.<\/p>\n<p>Sveiki atvyk\u0119 \u012f \u201eBasecomfort\u201c! Mes naudojame slapukus ir pana\u0161ias technologijas, kad J\u016bs\u0173 nar\u0161ymo patirtis m\u016bs\u0173 svetain\u0117je b\u016bt\u0173 sklandi, saugi ir aktuali. \u0160ioje politikoje paai\u0161kinama, kokius slapukus naudojame, kod\u0117l tai darome ir kaip galite valdyti savo nustatymus.<\/p>\n<h4><b>1. Kas yra slapukai?<\/b><\/h4>\n<p>Slapukai \u2013 tai nedideli duomen\u0173 failai, i\u0161saugomi J\u016bs\u0173 \u012frenginyje, kai lankot\u0117s svetain\u0117je. Jie padeda mums prisiminti J\u016bs\u0173 pasirinkimus, suprasti, kaip naudojamasi m\u016bs\u0173 svetaine, ir efektyvinti m\u016bs\u0173 rinkodaros veiksmus.<\/p>\n<h4><b>2. M\u016bs\u0173 naudojami slapuk\u0173 tipai<\/b><\/h4>\n<ul>\n<li>\n<p><b>B\u016btinieji slapukai (visada aktyv\u016bs)<\/b> \u0160ie slapukai yra b\u016btini, kad svetain\u0117 veikt\u0173 tinkamai. Jie atlieka tokias u\u017eduotis kaip J\u016bs\u0173 sutikimo d\u0117l slapuk\u0173 \u012fsiminimas, svetain\u0117s saugumo u\u017etikrinimas ir pagalba greitai bei patikimai u\u017ekrauti puslapius. \u0160i\u0173 slapuk\u0173 atsisakyti negalima, nes be j\u0173 svetain\u0117 neveikt\u0173.<\/p>\n<\/li>\n<li>\n<p><b>Analitiniai slapukai<\/b> \u0160ie slapukai padeda mums suprasti, kaip lankytojai s\u0105veikauja su m\u016bs\u0173 svetaine, anonimi\u0161kai rinkdami ir pateikdami informacij\u0105. \u0160iuos duomenis (pvz., kurie puslapiai yra populiariausi) naudojame savo turiniui, nar\u0161ymui ir bendrai vartotojo patir\u010diai gerinti. \u0160iam tikslui naudojame tokius \u012frankius kaip \u201eGoogle Analytics\u201c.<\/p>\n<\/li>\n<li>\n<p><b>Rinkodaros slapukai<\/b> \u0160ie slapukai naudojami tam, kad reklaminiai prane\u0161imai Jums b\u016bt\u0173 aktualesni. Juos galime naudoti mes arba tre\u010di\u0173j\u0173 \u0161ali\u0173 paslaugos (pvz., \u201eGoogle\u201c ar \u201eMeta\u201c), kad rodytume Jums aktualius skelbimus kitose svetain\u0117se po to, kai apsilank\u0117te m\u016bsi\u0161k\u0117je (\u0161i praktika \u017einoma kaip pakartotin\u0117 rinkodara).<\/p>\n<\/li>\n<\/ul>\n<h4><b>3. J\u016bs\u0173 pasirinkimai ir slapuk\u0173 valdymas<\/b><\/h4>\n<p>J\u016bs visi\u0161kai kontroliuojate neb\u016btinuosius slapukus. Kai pirm\u0105 kart\u0105 apsilankote m\u016bs\u0173 svetain\u0117je, pasirodo slapuk\u0173 juosta, kurioje galite priimti, atmesti ar pritaikyti savo slapuk\u0173 nustatymus. Savo nustatymus galite bet kada pakeisti.<\/p>\n<p>Papildomai, slapukus galite tvarkyti ar i\u0161trinti savo interneto nar\u0161ykl\u0117s nustatymuose.<\/p>\n<h4><b>4. Turite klausim\u0173?<\/b><\/h4>\n<p>Jei turite klausim\u0173 apie m\u016bs\u0173 slapuk\u0173 naudojim\u0105, dr\u0105siai susisiekite su mumis el. pa\u0161tu <b>info@basecomfort.com<\/b>. I\u0161samesn\u0117s informacijos apie tai, kaip tvarkome J\u016bs\u0173 duomenis, ie\u0161kokite m\u016bs\u0173 Privatumo politikoje.<\/p>\n<\/div>\n<\/div>\t\t\t\t\t\t\t\t<\/div>\n\t\t\t\t<\/div>\n\t\t\t\t<\/div>\n\t\t\t\t\t<\/div>\n\t\t\t\t<\/div>\n\t\t\t\t<\/div>\n\t\t","protected":false},"excerpt":{"rendered":"<p>Paskutin\u012f kart\u0105 atnaujinta: 2025 m. liepos 26 d. Sveiki atvyk\u0119 \u012f \u201eBasecomfort\u201c! Mes naudojame slapukus ir pana\u0161ias technologijas, kad J\u016bs\u0173 nar\u0161ymo patirtis m\u016bs\u0173 svetain\u0117je b\u016bt\u0173 sklandi, saugi ir aktuali. \u0160ioje politikoje paai\u0161kinama, kokius slapukus naudojame, kod\u0117l tai darome ir kaip galite valdyti savo nustatymus. 1. Kas yra slapukai? Slapukai \u2013 tai nedideli duomen\u0173 failai, i\u0161saugomi [&hellip;]<\/p>\n","protected":false},"author":1,"featured_media":0,"parent":0,"menu_order":0,"comment_status":"closed","ping_status":"closed","template":"","meta":{"footnotes":""},"class_list":["post-1731","page","type-page","status-publish","hentry"],"_links":{"self":[{"href":"https:\/\/basecomfort.com\/lt\/wp-json\/wp\/v2\/pages\/1731","targetHints":{"allow":["GET"]}}],"collection":[{"href":"https:\/\/basecomfort.com\/lt\/wp-json\/wp\/v2\/pages"}],"about":[{"href":"https:\/\/basecomfort.com\/lt\/wp-json\/wp\/v2\/types\/page"}],"author":[{"embeddable":true,"href":"https:\/\/basecomfort.com\/lt\/wp-json\/wp\/v2\/users\/1"}],"replies":[{"embeddable":true,"href":"https:\/\/basecomfort.com\/lt\/wp-json\/wp\/v2\/comments?post=1731"}],"version-history":[{"count":7,"href":"https:\/\/basecomfort.com\/lt\/wp-json\/wp\/v2\/pages\/1731\/revisions"}],"predecessor-version":[{"id":1782,"href":"https:\/\/basecomfort.com\/lt\/wp-json\/wp\/v2\/pages\/1731\/revisions\/1782"}],"wp:attachment":[{"href":"https:\/\/basecomfort.com\/lt\/wp-json\/wp\/v2\/media?parent=1731"}],"curies":[{"name":"wp","href":"https:\/\/api.w.org\/{rel}","templated":true}]}}