{"id":1699,"date":"2025-06-24T15:36:47","date_gmt":"2025-06-24T15:36:47","guid":{"rendered":"https:\/\/basecomfort.com\/accessibility-statement\/"},"modified":"2025-08-23T07:21:00","modified_gmt":"2025-08-23T07:21:00","slug":"prieinamumo-pareiskimas","status":"publish","type":"page","link":"https:\/\/basecomfort.com\/lt\/prieinamumo-pareiskimas\/","title":{"rendered":"Prieinamumo parei\u0161kimas"},"content":{"rendered":"\t\t<div data-elementor-type=\"wp-page\" data-elementor-id=\"1699\" class=\"elementor elementor-1699 elementor-309\" data-elementor-post-type=\"page\">\n\t\t\t\t<div class=\"elementor-element elementor-element-27d5eb6 e-flex e-con-boxed e-con e-parent\" data-id=\"27d5eb6\" data-element_type=\"container\" data-e-type=\"container\" data-settings=\"{&quot;background_background&quot;:&quot;classic&quot;}\">\n\t\t\t\t\t<div class=\"e-con-inner\">\n\t\t<div class=\"elementor-element elementor-element-e5e7f79 e-con-full e-flex e-con e-child\" data-id=\"e5e7f79\" data-element_type=\"container\" data-e-type=\"container\" data-settings=\"{&quot;background_background&quot;:&quot;classic&quot;}\">\n\t\t\t\t<div class=\"elementor-element elementor-element-0fcdd10 elementor-widget elementor-widget-text-editor\" data-id=\"0fcdd10\" data-element_type=\"widget\" data-e-type=\"widget\" data-widget_type=\"text-editor.default\">\n\t\t\t\t<div class=\"elementor-widget-container\">\n\t\t\t\t\t\t\t\t\t<div class=\"elementor-element elementor-element-b25abff elementor-widget elementor-widget-heading\" data-id=\"b25abff\" data-element_type=\"widget\" data-widget_type=\"heading.default\"><div class=\"elementor-widget-container\"><p><b>Paskutin\u012f kart\u0105 atnaujinta:<\/b> 2025 m. liepos 26 d.<\/p><p>\u201eBasecomfort\u201c \u012fmon\u0117je tikime, kad patogumas turi b\u016bti prieinamas visiems \u2013 tiek m\u016bs\u0173 gaminiuose, tiek nar\u0161ant internete. Esame \u012fsipareigoj\u0119 u\u017etikrinti, kad m\u016bs\u0173 svetain\u0117 b\u016bt\u0173 kuo \u012ftraukesn\u0117 ir paprastesn\u0117 naudoti vis\u0173 geb\u0117jim\u0173 \u017emon\u0117ms.<\/p><h4><b>M\u016bs\u0173 tikslas<\/b><\/h4><p>M\u016bs\u0173 tikslas \u2013 atitikti Svetain\u0117s turinio prieinamumo gairi\u0173 (angl. <i>Web Content Accessibility Guidelines<\/i>, WCAG) 2.1 AA lyg\u012f. Nors siekiame, kad visos m\u016bs\u0173 svetain\u0117s sritys b\u016bt\u0173 prieinamos, suprantame, kad tai yra nuolatinis procesas, ir nuolat stengiam\u0117s tobul\u0117ti.<\/p><h4><b>K\u0105 darome, kad pagerintume prieinamum\u0105?<\/b><\/h4><p>Siekdami, kad m\u016bs\u0173 svetain\u0117 b\u016bt\u0173 prieinamesn\u0117, mes sutelkiame d\u0117mes\u012f \u012f \u0161iuos aspektus:<\/p><ul><li><p><b>Ai\u0161ki strukt\u016bra:<\/b> Naudojame tinkamas antra\u0161tes ir semantin\u012f HTML kod\u0105, kad svetain\u0117je b\u016bt\u0173 lengva nar\u0161yti naudojantis pagalbin\u0117mis technologijomis.<\/p><\/li><li><p><b>Geras skaitomumas:<\/b> Naudojame ai\u0161kius, lengvai \u012fskaitomus \u0161riftus ir i\u0161laikome didel\u012f spalv\u0173 kontrastingum\u0105 tarp teksto ir fono.<\/p><\/li><li><p><b>Alternatyvusis tekstas:<\/b> Stengiam\u0117s pateikti apra\u0161om\u0105j\u012f alternatyv\u0173j\u012f tekst\u0105 (angl. <i>alt text<\/i>) visiems prasmingiems paveiksl\u0117liams.<\/p><\/li><li><p><b>Nar\u0161ymas klaviat\u016bra:<\/b> U\u017etikriname, kad pagrindines funkcijas ir nuorodas svetain\u0117je b\u016bt\u0173 galima pasiekti naudojant tik klaviat\u016br\u0105.<\/p><\/li><li><p><b>Apra\u0161omosios nuorodos:<\/b> Kuriame nuorod\u0173 tekstus, kurie ai\u0161kiai apib\u016bdina j\u0173 paskirt\u012f, kad \u017einotum\u0117te, kur nuoroda Jus nukreips.<\/p><\/li><\/ul><h4><b>Laukiame J\u016bs\u0173 atsiliepim\u0173<\/b><\/h4><p>Prieinamumas yra nuolatinis procesas, tod\u0117l J\u016bs\u0173 atsiliepimai mums labai svarb\u016bs. Jei nar\u0161ydami susiduriate su kli\u016btimis, Jums kyla sunkum\u0173 pasiekti bet kuri\u0105 svetain\u0117s dal\u012f ar turite pasi\u016blym\u0173, kaip gal\u0117tume patobul\u0117ti, pra\u0161ome susisiekti su mumis. Esame \u012fsipareigoj\u0119 rasti sprendimus.<\/p><p>Susisiekti su mumis galite el. pa\u0161tu <b>info@basecomfort.com<\/b>. Pasistengsime atsakyti kaip \u012fmanoma grei\u010diau.<\/p><p>D\u0117kojame, kad apsilank\u0117te!<\/p><\/div><\/div>\t\t\t\t\t\t\t\t<\/div>\n\t\t\t\t<\/div>\n\t\t\t\t<\/div>\n\t\t\t\t\t<\/div>\n\t\t\t\t<\/div>\n\t\t\t\t<\/div>\n\t\t","protected":false},"excerpt":{"rendered":"<p>Paskutin\u012f kart\u0105 atnaujinta: 2025 m. liepos 26 d. \u201eBasecomfort\u201c \u012fmon\u0117je tikime, kad patogumas turi b\u016bti prieinamas visiems \u2013 tiek m\u016bs\u0173 gaminiuose, tiek nar\u0161ant internete. Esame \u012fsipareigoj\u0119 u\u017etikrinti, kad m\u016bs\u0173 svetain\u0117 b\u016bt\u0173 kuo \u012ftraukesn\u0117 ir paprastesn\u0117 naudoti vis\u0173 geb\u0117jim\u0173 \u017emon\u0117ms. M\u016bs\u0173 tikslas M\u016bs\u0173 tikslas \u2013 atitikti Svetain\u0117s turinio prieinamumo gairi\u0173 (angl. Web Content Accessibility Guidelines, WCAG) [&hellip;]<\/p>\n","protected":false},"author":1,"featured_media":0,"parent":0,"menu_order":0,"comment_status":"closed","ping_status":"closed","template":"","meta":{"footnotes":""},"class_list":["post-1699","page","type-page","status-publish","hentry"],"_links":{"self":[{"href":"https:\/\/basecomfort.com\/lt\/wp-json\/wp\/v2\/pages\/1699","targetHints":{"allow":["GET"]}}],"collection":[{"href":"https:\/\/basecomfort.com\/lt\/wp-json\/wp\/v2\/pages"}],"about":[{"href":"https:\/\/basecomfort.com\/lt\/wp-json\/wp\/v2\/types\/page"}],"author":[{"embeddable":true,"href":"https:\/\/basecomfort.com\/lt\/wp-json\/wp\/v2\/users\/1"}],"replies":[{"embeddable":true,"href":"https:\/\/basecomfort.com\/lt\/wp-json\/wp\/v2\/comments?post=1699"}],"version-history":[{"count":5,"href":"https:\/\/basecomfort.com\/lt\/wp-json\/wp\/v2\/pages\/1699\/revisions"}],"predecessor-version":[{"id":1705,"href":"https:\/\/basecomfort.com\/lt\/wp-json\/wp\/v2\/pages\/1699\/revisions\/1705"}],"wp:attachment":[{"href":"https:\/\/basecomfort.com\/lt\/wp-json\/wp\/v2\/media?parent=1699"}],"curies":[{"name":"wp","href":"https:\/\/api.w.org\/{rel}","templated":true}]}}